{"id":5650,"date":"2026-02-28T18:09:39","date_gmt":"2026-02-28T18:09:39","guid":{"rendered":"https:\/\/jsgstadservice.se\/fonsterputs-goteborg\/"},"modified":"2026-03-03T18:15:41","modified_gmt":"2026-03-03T18:15:41","slug":"window-cleaning-gothenburg","status":"publish","type":"page","link":"https:\/\/jsgstadservice.se\/en\/fonsterputs-goteborg\/","title":{"rendered":"Window cleaning Gothenburg - Professional window cleaning"},"content":{"rendered":"<h2>Window cleaning in Gothenburg - shiny clean windows<\/h2>\n<p>Professional window cleaning makes a huge difference to light and the feel of the home. JSG St\u00e4dservice offers window cleaning throughout the Gothenburg area - both inside and outside.<\/p>\n<h2>Services provided<\/h2>\n<ul>\n<li><strong>Interior window cleaning:<\/strong> All glass panes, window frames and boards<\/li>\n<li><strong>Exterior window cleaning:<\/strong> Standard and hard-to-reach windows<\/li>\n<li><strong>Inside &amp; outside:<\/strong> Complete package for best results<\/li>\n<li><strong>Glazed balcony\/outdoor space:<\/strong> All glass surfaces<\/li>\n<\/ul>\n<h2>Prices window cleaning Gothenburg<\/h2>\n<table>\n<thead>\n<tr>\n<th>Housing<\/th>\n<th>On the inside<\/th>\n<th>Interior &amp; exterior<\/th>\n<\/tr>\n<\/thead>\n<tbody>\n<tr>\n<td>1-2 skirt<\/td>\n<td>From 600 kr*<\/td>\n<td>From 1 000 kr*<\/td>\n<\/tr>\n<tr>\n<td>3-4 skirt<\/td>\n<td>From 900 kr*<\/td>\n<td>From 1 500 kr*<\/td>\n<\/tr>\n<tr>\n<td>Villa\/row house<\/td>\n<td>From 1 400 kr*<\/td>\n<td>Contact us<\/td>\n<\/tr>\n<\/tbody>\n<\/table>\n<p><em>*Price after RUT deduction 50 %. Exact price in your quote.<\/em><\/p>\n<h2>Why choose us?<\/h2>\n<ul>\n<li>\u2705 Professional equipment - streak-free results<\/li>\n<li>\u2705 Experienced window cleaners in Gothenburg<\/li>\n<li>\u2705 Eco-friendly cleaning products<\/li>\n<li>\u2705 RUT deduction directly on the invoice<\/li>\n<li>\u2705 Customer satisfaction guarantee<\/li>\n<\/ul>\n<h2>Areas in Gothenburg<\/h2>\n<p>We perform window cleaning throughout Gothenburg and the surrounding area: Centrum, Majorna, Linn\u00e9, Hisingen, \u00d6rgryte, H\u00e4rlanda, Fr\u00f6lunda, M\u00f6lndal, Partille and more.<\/p>\n<p><a href=\"\/en\/quote\/\">Book window cleaning in Gothenburg \u2192<\/a><\/p>","protected":false},"excerpt":{"rendered":"<p>F\u00f6nsterputs i G\u00f6teborg \u2013 skinande rena f\u00f6nster Professionell f\u00f6nsterputsning g\u00f6r en enorm skillnad f\u00f6r ljusinsl\u00e4pp och hemmets k\u00e4nsla. JSG St\u00e4dservice erbjuder f\u00f6nsterputs i hela G\u00f6teborgsomr\u00e5det \u2014 b\u00e5de inv\u00e4ndigt och utv\u00e4ndigt. Tj\u00e4nster Inv\u00e4ndig f\u00f6nsterputs: Alla glasrutor, f\u00f6nsterkarmar och br\u00e4dor Utv\u00e4ndig f\u00f6nsterputs: Standard- och sv\u00e5r\u00e5tkomliga f\u00f6nster In- &#038; utv\u00e4ndigt: Komplett paket f\u00f6r b\u00e4sta resultat Inglasad balkong\/uterum: Alla&hellip; <a class=\"more-link\" href=\"https:\/\/jsgstadservice.se\/en\/fonsterputs-goteborg\/\">Continue reading <span class=\"screen-reader-text\">Window cleaning Gothenburg - Professional window cleaning<\/span><\/a><\/p>","protected":false},"author":0,"featured_media":0,"parent":0,"menu_order":0,"comment_status":"closed","ping_status":"closed","template":"","meta":{"footnotes":""},"class_list":["post-5650","page","type-page","status-publish","hentry","entry"],"yoast_head":"<!-- This site is optimized with the Yoast SEO Premium plugin v27.0 (Yoast SEO v27.4) - https:\/\/yoast.com\/product\/yoast-seo-premium-wordpress\/ -->\n<title>F\u00f6nsterputs G\u00f6teborg \u2013 Professionell f\u00f6nsterputsning | JSG<\/title>\n<meta name=\"description\" content=\"Professionell f\u00f6nsterputs i G\u00f6teborg f\u00f6r privat &amp; f\u00f6retag. Kristallklara f\u00f6nster med erfarna putsare. Boka din tid idag!\" \/>\n<meta name=\"robots\" content=\"index, follow, max-snippet:-1, max-image-preview:large, max-video-preview:-1\" \/>\n<link rel=\"canonical\" href=\"https:\/\/jsgstadservice.se\/en\/window-cleaning-gothenburg\/\" \/>\n<meta property=\"og:locale\" content=\"en_US\" \/>\n<meta property=\"og:type\" content=\"article\" \/>\n<meta property=\"og:title\" content=\"F\u00f6nsterputs G\u00f6teborg \u2013 Professionell f\u00f6nsterputsning\" \/>\n<meta property=\"og:description\" content=\"Professionell f\u00f6nsterputs i G\u00f6teborg f\u00f6r privat &amp; f\u00f6retag. Kristallklara f\u00f6nster med erfarna putsare. Boka din tid idag!\" \/>\n<meta property=\"og:url\" content=\"https:\/\/jsgstadservice.se\/en\/window-cleaning-gothenburg\/\" \/>\n<meta property=\"og:site_name\" content=\"JSG St\u00e4dservice\" \/>\n<meta property=\"article:publisher\" content=\"https:\/\/www.facebook.com\/JSGStadservice.se\" \/>\n<meta property=\"article:modified_time\" content=\"2026-03-03T18:15:41+00:00\" \/>\n<meta property=\"og:image\" content=\"https:\/\/jsgstadservice.se\/wp-content\/uploads\/2023\/12\/Fonster-bild-efter-fonsterputs-och-stad.webp\" \/>\n<meta name=\"twitter:card\" content=\"summary_large_image\" \/>\n<meta name=\"twitter:label1\" content=\"Est. reading time\" \/>\n\t<meta name=\"twitter:data1\" content=\"1 minute\" \/>\n<script type=\"application\/ld+json\" class=\"yoast-schema-graph\">{\"@context\":\"https:\\\/\\\/schema.org\",\"@graph\":[{\"@type\":\"WebPage\",\"@id\":\"https:\\\/\\\/jsgstadservice.se\\\/fonsterputs-goteborg\\\/\",\"url\":\"https:\\\/\\\/jsgstadservice.se\\\/fonsterputs-goteborg\\\/\",\"name\":\"F\u00f6nsterputs G\u00f6teborg \u2013 Professionell f\u00f6nsterputsning | JSG\",\"isPartOf\":{\"@id\":\"https:\\\/\\\/jsgstadservice.se\\\/en\\\/#website\"},\"datePublished\":\"2026-02-28T18:09:39+00:00\",\"dateModified\":\"2026-03-03T18:15:41+00:00\",\"description\":\"Professionell f\u00f6nsterputs i G\u00f6teborg f\u00f6r privat & f\u00f6retag. Kristallklara f\u00f6nster med erfarna putsare. Boka din tid idag!\",\"breadcrumb\":{\"@id\":\"https:\\\/\\\/jsgstadservice.se\\\/fonsterputs-goteborg\\\/#breadcrumb\"},\"inLanguage\":\"en-US\",\"potentialAction\":[{\"@type\":\"ReadAction\",\"target\":[\"https:\\\/\\\/jsgstadservice.se\\\/fonsterputs-goteborg\\\/\"]}]},{\"@type\":\"BreadcrumbList\",\"@id\":\"https:\\\/\\\/jsgstadservice.se\\\/fonsterputs-goteborg\\\/#breadcrumb\",\"itemListElement\":[{\"@type\":\"ListItem\",\"position\":1,\"name\":\"Hem\",\"item\":\"https:\\\/\\\/jsgstadservice.se\\\/en\\\/\"},{\"@type\":\"ListItem\",\"position\":2,\"name\":\"F\u00f6nsterputs G\u00f6teborg \u2013 Professionell f\u00f6nsterputsning\"}]},{\"@type\":\"WebSite\",\"@id\":\"https:\\\/\\\/jsgstadservice.se\\\/en\\\/#website\",\"url\":\"https:\\\/\\\/jsgstadservice.se\\\/en\\\/\",\"name\":\"JSG St\u00e4dservice\",\"description\":\"JSG St\u00e4dservice - effektiviserar och ger dig en enklare vardag!\",\"publisher\":{\"@id\":\"https:\\\/\\\/jsgstadservice.se\\\/en\\\/#organization\"},\"potentialAction\":[{\"@type\":\"SearchAction\",\"target\":{\"@type\":\"EntryPoint\",\"urlTemplate\":\"https:\\\/\\\/jsgstadservice.se\\\/en\\\/?s={search_term_string}\"},\"query-input\":{\"@type\":\"PropertyValueSpecification\",\"valueRequired\":true,\"valueName\":\"search_term_string\"}}],\"inLanguage\":\"en-US\"},{\"@type\":\"Organization\",\"@id\":\"https:\\\/\\\/jsgstadservice.se\\\/en\\\/#organization\",\"name\":\"JSG St\u00e4dservice\",\"url\":\"https:\\\/\\\/jsgstadservice.se\\\/en\\\/\",\"logo\":{\"@type\":\"ImageObject\",\"inLanguage\":\"en-US\",\"@id\":\"https:\\\/\\\/jsgstadservice.se\\\/en\\\/#\\\/schema\\\/logo\\\/image\\\/\",\"url\":\"https:\\\/\\\/jsgstadservice.se\\\/wp-content\\\/uploads\\\/2025\\\/05\\\/JSG-Logga.png\",\"contentUrl\":\"https:\\\/\\\/jsgstadservice.se\\\/wp-content\\\/uploads\\\/2025\\\/05\\\/JSG-Logga.png\",\"width\":1500,\"height\":600,\"caption\":\"JSG St\u00e4dservice\"},\"image\":{\"@id\":\"https:\\\/\\\/jsgstadservice.se\\\/en\\\/#\\\/schema\\\/logo\\\/image\\\/\"},\"sameAs\":[\"https:\\\/\\\/www.facebook.com\\\/JSGStadservice.se\",\"https:\\\/\\\/www.instagram.com\\\/jsgstadservice.se\\\/\",\"https:\\\/\\\/www.youtube.com\\\/@JSG-f6n\",\"https:\\\/\\\/www.linkedin.com\\\/company\\\/jsg-st\u00e4dservice\\\/\"]}]}<\/script>\n<!-- \/ Yoast SEO Premium plugin. -->","yoast_head_json":{"title":"Window cleaning Gothenburg - Professional window cleaning | JSG","description":"Professional window cleaning in Gothenburg for private &amp; business. Crystal clear windows with experienced cleaners. Book your time today!","robots":{"index":"index","follow":"follow","max-snippet":"max-snippet:-1","max-image-preview":"max-image-preview:large","max-video-preview":"max-video-preview:-1"},"canonical":"https:\/\/jsgstadservice.se\/en\/window-cleaning-gothenburg\/","og_locale":"en_US","og_type":"article","og_title":"F\u00f6nsterputs G\u00f6teborg \u2013 Professionell f\u00f6nsterputsning","og_description":"Professionell f\u00f6nsterputs i G\u00f6teborg f\u00f6r privat & f\u00f6retag. Kristallklara f\u00f6nster med erfarna putsare. Boka din tid idag!","og_url":"https:\/\/jsgstadservice.se\/en\/window-cleaning-gothenburg\/","og_site_name":"JSG St\u00e4dservice","article_publisher":"https:\/\/www.facebook.com\/JSGStadservice.se","article_modified_time":"2026-03-03T18:15:41+00:00","og_image":[{"url":"https:\/\/jsgstadservice.se\/wp-content\/uploads\/2023\/12\/Fonster-bild-efter-fonsterputs-och-stad.webp","type":"","width":"","height":""}],"twitter_card":"summary_large_image","twitter_misc":{"Est. reading time":"1 minute"},"schema":{"@context":"https:\/\/schema.org","@graph":[{"@type":"WebPage","@id":"https:\/\/jsgstadservice.se\/fonsterputs-goteborg\/","url":"https:\/\/jsgstadservice.se\/fonsterputs-goteborg\/","name":"Window cleaning Gothenburg - Professional window cleaning | JSG","isPartOf":{"@id":"https:\/\/jsgstadservice.se\/en\/#website"},"datePublished":"2026-02-28T18:09:39+00:00","dateModified":"2026-03-03T18:15:41+00:00","description":"Professional window cleaning in Gothenburg for private &amp; business. Crystal clear windows with experienced cleaners. Book your time today!","breadcrumb":{"@id":"https:\/\/jsgstadservice.se\/fonsterputs-goteborg\/#breadcrumb"},"inLanguage":"en-US","potentialAction":[{"@type":"ReadAction","target":["https:\/\/jsgstadservice.se\/fonsterputs-goteborg\/"]}]},{"@type":"BreadcrumbList","@id":"https:\/\/jsgstadservice.se\/fonsterputs-goteborg\/#breadcrumb","itemListElement":[{"@type":"ListItem","position":1,"name":"Hem","item":"https:\/\/jsgstadservice.se\/en\/"},{"@type":"ListItem","position":2,"name":"F\u00f6nsterputs G\u00f6teborg \u2013 Professionell f\u00f6nsterputsning"}]},{"@type":"WebSite","@id":"https:\/\/jsgstadservice.se\/en\/#website","url":"https:\/\/jsgstadservice.se\/en\/","name":"JSG Cleaning Service","description":"JSG St\u00e4dservice - streamlines and makes your everyday life easier!","publisher":{"@id":"https:\/\/jsgstadservice.se\/en\/#organization"},"potentialAction":[{"@type":"SearchAction","target":{"@type":"EntryPoint","urlTemplate":"https:\/\/jsgstadservice.se\/en\/?s={search_term_string}"},"query-input":{"@type":"PropertyValueSpecification","valueRequired":true,"valueName":"search_term_string"}}],"inLanguage":"en-US"},{"@type":"Organization","@id":"https:\/\/jsgstadservice.se\/en\/#organization","name":"JSG Cleaning Service","url":"https:\/\/jsgstadservice.se\/en\/","logo":{"@type":"ImageObject","inLanguage":"en-US","@id":"https:\/\/jsgstadservice.se\/en\/#\/schema\/logo\/image\/","url":"https:\/\/jsgstadservice.se\/wp-content\/uploads\/2025\/05\/JSG-Logga.png","contentUrl":"https:\/\/jsgstadservice.se\/wp-content\/uploads\/2025\/05\/JSG-Logga.png","width":1500,"height":600,"caption":"JSG St\u00e4dservice"},"image":{"@id":"https:\/\/jsgstadservice.se\/en\/#\/schema\/logo\/image\/"},"sameAs":["https:\/\/www.facebook.com\/JSGStadservice.se","https:\/\/www.instagram.com\/jsgstadservice.se\/","https:\/\/www.youtube.com\/@JSG-f6n","https:\/\/www.linkedin.com\/company\/jsg-st\u00e4dservice\/"]}]}},"_links":{"self":[{"href":"https:\/\/jsgstadservice.se\/en\/wp-json\/wp\/v2\/pages\/5650","targetHints":{"allow":["GET"]}}],"collection":[{"href":"https:\/\/jsgstadservice.se\/en\/wp-json\/wp\/v2\/pages"}],"about":[{"href":"https:\/\/jsgstadservice.se\/en\/wp-json\/wp\/v2\/types\/page"}],"replies":[{"embeddable":true,"href":"https:\/\/jsgstadservice.se\/en\/wp-json\/wp\/v2\/comments?post=5650"}],"version-history":[{"count":1,"href":"https:\/\/jsgstadservice.se\/en\/wp-json\/wp\/v2\/pages\/5650\/revisions"}],"predecessor-version":[{"id":5713,"href":"https:\/\/jsgstadservice.se\/en\/wp-json\/wp\/v2\/pages\/5650\/revisions\/5713"}],"wp:attachment":[{"href":"https:\/\/jsgstadservice.se\/en\/wp-json\/wp\/v2\/media?parent=5650"}],"curies":[{"name":"wp","href":"https:\/\/api.w.org\/{rel}","templated":true}]}}