{"id":5648,"date":"2026-02-28T18:07:08","date_gmt":"2026-02-28T18:07:08","guid":{"rendered":"https:\/\/jsgstadservice.se\/fonsterputs-stockholm\/"},"modified":"2026-03-03T18:15:40","modified_gmt":"2026-03-03T18:15:40","slug":"window-cleaning-stockholm","status":"publish","type":"page","link":"https:\/\/jsgstadservice.se\/en\/fonsterputs-stockholm\/","title":{"rendered":"Window cleaning Stockholm - Professional window cleaning"},"content":{"rendered":"<h2>Window cleaning in Stockholm - professional window cleaning<\/h2>\n<p>Dirty windows make a big difference to the feel of your home. Our professional window cleaners in Stockholm give you crystal clear windows without streaks, using modern methods and environmentally friendly products.<\/p>\n<h2>Our services<\/h2>\n<ul>\n<li><strong>Interior window cleaning:<\/strong> All windows including window frames and sills<\/li>\n<li><strong>Exterior window cleaning:<\/strong> Windows close to facades and difficult to access<\/li>\n<li><strong>Combination:<\/strong> Inside and out for best results<\/li>\n<li><strong>Glazed balcony:<\/strong> All glass surfaces are cleaned<\/li>\n<\/ul>\n<h2>Prices window cleaning Stockholm<\/h2>\n<p>The price depends on the number of windows, type of window and accessibility. RUT deductions apply to window cleaning.<\/p>\n<table>\n<thead>\n<tr>\n<th>Housing<\/th>\n<th>On the inside<\/th>\n<th>Interior &amp; exterior<\/th>\n<\/tr>\n<\/thead>\n<tbody>\n<tr>\n<td>1-2 skirt<\/td>\n<td>From 600 kr*<\/td>\n<td>From 1 000 kr*<\/td>\n<\/tr>\n<tr>\n<td>3-4 skirt<\/td>\n<td>From 900 kr*<\/td>\n<td>From 1 500 kr*<\/td>\n<\/tr>\n<tr>\n<td>Villa<\/td>\n<td>From 1 400 kr*<\/td>\n<td>Contact us<\/td>\n<\/tr>\n<\/tbody>\n<\/table>\n<p><em>*Price after RUT deduction. Exact price in your quote.<\/em><\/p>\n<h2>Why hire professional window cleaners?<\/h2>\n<ul>\n<li>\u2705 Flawless results with professional equipment<\/li>\n<li>\u2705 Takes care of hard-to-reach windows<\/li>\n<li>\u2705 Saves time - we can do more windows faster<\/li>\n<li>\u2705 RUT deduction 50 % - we handle the administration<\/li>\n<\/ul>\n<h2>Areas in Stockholm<\/h2>\n<p>We perform window cleaning throughout the Stockholm area: S\u00f6dermalm, \u00d6stermalm, Kungsholmen, Vasastan, Bromma, H\u00e4gersten, Farsta, Nacka, Solna and more.<\/p>\n<h2>Book window cleaning<\/h2>\n<p>Contact us for a free quote. We can often schedule window cleaning the same week.<\/p>\n<p><a href=\"\/en\/quote\/\">Book window cleaning in Stockholm \u2192<\/a><\/p>","protected":false},"excerpt":{"rendered":"<p>F\u00f6nsterputs i Stockholm \u2013 professionell f\u00f6nsterputsning Smutsiga f\u00f6nster g\u00f6r stor skillnad f\u00f6r hemmets k\u00e4nsla. V\u00e5ra professionella f\u00f6nsterputsare i Stockholm ger dig kristallklara f\u00f6nster utan r\u00e4nder, med moderna metoder och milj\u00f6v\u00e4nliga produkter. V\u00e5ra tj\u00e4nster Inv\u00e4ndig f\u00f6nsterputs: Alla f\u00f6nster inklusive f\u00f6nsterkarmar och br\u00e4dor Utv\u00e4ndig f\u00f6nsterputs: Fasadn\u00e4ra och sv\u00e5r\u00e5tkomliga f\u00f6nster Kombination: In- och utv\u00e4ndigt f\u00f6r b\u00e4sta resultat Inglasad&hellip; <a class=\"more-link\" href=\"https:\/\/jsgstadservice.se\/en\/fonsterputs-stockholm\/\">Continue reading <span class=\"screen-reader-text\">Window cleaning Stockholm - Professional window cleaning<\/span><\/a><\/p>","protected":false},"author":0,"featured_media":0,"parent":0,"menu_order":0,"comment_status":"closed","ping_status":"closed","template":"","meta":{"footnotes":""},"class_list":["post-5648","page","type-page","status-publish","hentry","entry"],"yoast_head":"<!-- This site is optimized with the Yoast SEO Premium plugin v27.0 (Yoast SEO v27.4) - https:\/\/yoast.com\/product\/yoast-seo-premium-wordpress\/ -->\n<title>F\u00f6nsterputs Stockholm \u2013 Professionell f\u00f6nsterputsning | JSG<\/title>\n<meta name=\"description\" content=\"Professionell f\u00f6nsterputs i Stockholm f\u00f6r privat &amp; f\u00f6retag. Kristallklara f\u00f6nster med erfarna putsare. Boka din tid idag!\" \/>\n<meta name=\"robots\" content=\"index, follow, max-snippet:-1, max-image-preview:large, max-video-preview:-1\" \/>\n<link rel=\"canonical\" href=\"https:\/\/www.jsgstadservice.se\/fonsterputs-stockholm\/\" \/>\n<meta property=\"og:locale\" content=\"en_US\" \/>\n<meta property=\"og:type\" content=\"article\" \/>\n<meta property=\"og:title\" content=\"F\u00f6nsterputs Stockholm \u2013 Professionell f\u00f6nsterputsning\" \/>\n<meta property=\"og:description\" content=\"Professionell f\u00f6nsterputs i Stockholm f\u00f6r privat &amp; f\u00f6retag. Kristallklara f\u00f6nster med erfarna putsare. Boka din tid idag!\" \/>\n<meta property=\"og:url\" content=\"https:\/\/www.jsgstadservice.se\/fonsterputs-stockholm\/\" \/>\n<meta property=\"og:site_name\" content=\"JSG St\u00e4dservice\" \/>\n<meta property=\"article:publisher\" content=\"https:\/\/www.facebook.com\/JSGStadservice.se\" \/>\n<meta property=\"article:modified_time\" content=\"2026-03-03T18:15:40+00:00\" \/>\n<meta property=\"og:image\" content=\"https:\/\/jsgstadservice.se\/wp-content\/uploads\/2023\/12\/Fonster-bild-efter-fonsterputs-och-stad.webp\" \/>\n<meta name=\"twitter:card\" content=\"summary_large_image\" \/>\n<meta name=\"twitter:label1\" content=\"Est. reading time\" \/>\n\t<meta name=\"twitter:data1\" content=\"1 minute\" \/>\n<script type=\"application\/ld+json\" class=\"yoast-schema-graph\">{\"@context\":\"https:\\\/\\\/schema.org\",\"@graph\":[{\"@type\":\"WebPage\",\"@id\":\"https:\\\/\\\/www.jsgstadservice.se\\\/fonsterputs-stockholm\\\/\",\"url\":\"https:\\\/\\\/www.jsgstadservice.se\\\/fonsterputs-stockholm\\\/\",\"name\":\"F\u00f6nsterputs Stockholm \u2013 Professionell f\u00f6nsterputsning | JSG\",\"isPartOf\":{\"@id\":\"https:\\\/\\\/jsgstadservice.se\\\/en\\\/#website\"},\"datePublished\":\"2026-02-28T18:07:08+00:00\",\"dateModified\":\"2026-03-03T18:15:40+00:00\",\"description\":\"Professionell f\u00f6nsterputs i Stockholm f\u00f6r privat & f\u00f6retag. Kristallklara f\u00f6nster med erfarna putsare. Boka din tid idag!\",\"breadcrumb\":{\"@id\":\"https:\\\/\\\/www.jsgstadservice.se\\\/fonsterputs-stockholm\\\/#breadcrumb\"},\"inLanguage\":\"en-US\",\"potentialAction\":[{\"@type\":\"ReadAction\",\"target\":[\"https:\\\/\\\/www.jsgstadservice.se\\\/fonsterputs-stockholm\\\/\"]}]},{\"@type\":\"BreadcrumbList\",\"@id\":\"https:\\\/\\\/www.jsgstadservice.se\\\/fonsterputs-stockholm\\\/#breadcrumb\",\"itemListElement\":[{\"@type\":\"ListItem\",\"position\":1,\"name\":\"Hem\",\"item\":\"https:\\\/\\\/jsgstadservice.se\\\/en\\\/\"},{\"@type\":\"ListItem\",\"position\":2,\"name\":\"F\u00f6nsterputs Stockholm \u2013 Professionell f\u00f6nsterputsning\"}]},{\"@type\":\"WebSite\",\"@id\":\"https:\\\/\\\/jsgstadservice.se\\\/en\\\/#website\",\"url\":\"https:\\\/\\\/jsgstadservice.se\\\/en\\\/\",\"name\":\"JSG St\u00e4dservice\",\"description\":\"JSG St\u00e4dservice - effektiviserar och ger dig en enklare vardag!\",\"publisher\":{\"@id\":\"https:\\\/\\\/jsgstadservice.se\\\/en\\\/#organization\"},\"potentialAction\":[{\"@type\":\"SearchAction\",\"target\":{\"@type\":\"EntryPoint\",\"urlTemplate\":\"https:\\\/\\\/jsgstadservice.se\\\/en\\\/?s={search_term_string}\"},\"query-input\":{\"@type\":\"PropertyValueSpecification\",\"valueRequired\":true,\"valueName\":\"search_term_string\"}}],\"inLanguage\":\"en-US\"},{\"@type\":\"Organization\",\"@id\":\"https:\\\/\\\/jsgstadservice.se\\\/en\\\/#organization\",\"name\":\"JSG St\u00e4dservice\",\"url\":\"https:\\\/\\\/jsgstadservice.se\\\/en\\\/\",\"logo\":{\"@type\":\"ImageObject\",\"inLanguage\":\"en-US\",\"@id\":\"https:\\\/\\\/jsgstadservice.se\\\/en\\\/#\\\/schema\\\/logo\\\/image\\\/\",\"url\":\"https:\\\/\\\/jsgstadservice.se\\\/wp-content\\\/uploads\\\/2025\\\/05\\\/JSG-Logga.png\",\"contentUrl\":\"https:\\\/\\\/jsgstadservice.se\\\/wp-content\\\/uploads\\\/2025\\\/05\\\/JSG-Logga.png\",\"width\":1500,\"height\":600,\"caption\":\"JSG St\u00e4dservice\"},\"image\":{\"@id\":\"https:\\\/\\\/jsgstadservice.se\\\/en\\\/#\\\/schema\\\/logo\\\/image\\\/\"},\"sameAs\":[\"https:\\\/\\\/www.facebook.com\\\/JSGStadservice.se\",\"https:\\\/\\\/www.instagram.com\\\/jsgstadservice.se\\\/\",\"https:\\\/\\\/www.youtube.com\\\/@JSG-f6n\",\"https:\\\/\\\/www.linkedin.com\\\/company\\\/jsg-st\u00e4dservice\\\/\"]}]}<\/script>\n<!-- \/ Yoast SEO Premium plugin. -->","yoast_head_json":{"title":"Window cleaning Stockholm - Professional window cleaning | JSG","description":"Professional window cleaning in Stockholm for private &amp; business. Crystal clear windows with experienced cleaners. Book your time today!","robots":{"index":"index","follow":"follow","max-snippet":"max-snippet:-1","max-image-preview":"max-image-preview:large","max-video-preview":"max-video-preview:-1"},"canonical":"https:\/\/www.jsgstadservice.se\/fonsterputs-stockholm\/","og_locale":"en_US","og_type":"article","og_title":"F\u00f6nsterputs Stockholm \u2013 Professionell f\u00f6nsterputsning","og_description":"Professionell f\u00f6nsterputs i Stockholm f\u00f6r privat & f\u00f6retag. Kristallklara f\u00f6nster med erfarna putsare. Boka din tid idag!","og_url":"https:\/\/www.jsgstadservice.se\/fonsterputs-stockholm\/","og_site_name":"JSG St\u00e4dservice","article_publisher":"https:\/\/www.facebook.com\/JSGStadservice.se","article_modified_time":"2026-03-03T18:15:40+00:00","og_image":[{"url":"https:\/\/jsgstadservice.se\/wp-content\/uploads\/2023\/12\/Fonster-bild-efter-fonsterputs-och-stad.webp","type":"","width":"","height":""}],"twitter_card":"summary_large_image","twitter_misc":{"Est. reading time":"1 minute"},"schema":{"@context":"https:\/\/schema.org","@graph":[{"@type":"WebPage","@id":"https:\/\/www.jsgstadservice.se\/fonsterputs-stockholm\/","url":"https:\/\/www.jsgstadservice.se\/fonsterputs-stockholm\/","name":"Window cleaning Stockholm - Professional window cleaning | JSG","isPartOf":{"@id":"https:\/\/jsgstadservice.se\/en\/#website"},"datePublished":"2026-02-28T18:07:08+00:00","dateModified":"2026-03-03T18:15:40+00:00","description":"Professional window cleaning in Stockholm for private &amp; business. Crystal clear windows with experienced cleaners. Book your time today!","breadcrumb":{"@id":"https:\/\/www.jsgstadservice.se\/fonsterputs-stockholm\/#breadcrumb"},"inLanguage":"en-US","potentialAction":[{"@type":"ReadAction","target":["https:\/\/www.jsgstadservice.se\/fonsterputs-stockholm\/"]}]},{"@type":"BreadcrumbList","@id":"https:\/\/www.jsgstadservice.se\/fonsterputs-stockholm\/#breadcrumb","itemListElement":[{"@type":"ListItem","position":1,"name":"Hem","item":"https:\/\/jsgstadservice.se\/en\/"},{"@type":"ListItem","position":2,"name":"F\u00f6nsterputs Stockholm \u2013 Professionell f\u00f6nsterputsning"}]},{"@type":"WebSite","@id":"https:\/\/jsgstadservice.se\/en\/#website","url":"https:\/\/jsgstadservice.se\/en\/","name":"JSG Cleaning Service","description":"JSG St\u00e4dservice - streamlines and makes your everyday life easier!","publisher":{"@id":"https:\/\/jsgstadservice.se\/en\/#organization"},"potentialAction":[{"@type":"SearchAction","target":{"@type":"EntryPoint","urlTemplate":"https:\/\/jsgstadservice.se\/en\/?s={search_term_string}"},"query-input":{"@type":"PropertyValueSpecification","valueRequired":true,"valueName":"search_term_string"}}],"inLanguage":"en-US"},{"@type":"Organization","@id":"https:\/\/jsgstadservice.se\/en\/#organization","name":"JSG Cleaning Service","url":"https:\/\/jsgstadservice.se\/en\/","logo":{"@type":"ImageObject","inLanguage":"en-US","@id":"https:\/\/jsgstadservice.se\/en\/#\/schema\/logo\/image\/","url":"https:\/\/jsgstadservice.se\/wp-content\/uploads\/2025\/05\/JSG-Logga.png","contentUrl":"https:\/\/jsgstadservice.se\/wp-content\/uploads\/2025\/05\/JSG-Logga.png","width":1500,"height":600,"caption":"JSG St\u00e4dservice"},"image":{"@id":"https:\/\/jsgstadservice.se\/en\/#\/schema\/logo\/image\/"},"sameAs":["https:\/\/www.facebook.com\/JSGStadservice.se","https:\/\/www.instagram.com\/jsgstadservice.se\/","https:\/\/www.youtube.com\/@JSG-f6n","https:\/\/www.linkedin.com\/company\/jsg-st\u00e4dservice\/"]}]}},"_links":{"self":[{"href":"https:\/\/jsgstadservice.se\/en\/wp-json\/wp\/v2\/pages\/5648","targetHints":{"allow":["GET"]}}],"collection":[{"href":"https:\/\/jsgstadservice.se\/en\/wp-json\/wp\/v2\/pages"}],"about":[{"href":"https:\/\/jsgstadservice.se\/en\/wp-json\/wp\/v2\/types\/page"}],"replies":[{"embeddable":true,"href":"https:\/\/jsgstadservice.se\/en\/wp-json\/wp\/v2\/comments?post=5648"}],"version-history":[{"count":1,"href":"https:\/\/jsgstadservice.se\/en\/wp-json\/wp\/v2\/pages\/5648\/revisions"}],"predecessor-version":[{"id":5712,"href":"https:\/\/jsgstadservice.se\/en\/wp-json\/wp\/v2\/pages\/5648\/revisions\/5712"}],"wp:attachment":[{"href":"https:\/\/jsgstadservice.se\/en\/wp-json\/wp\/v2\/media?parent=5648"}],"curies":[{"name":"wp","href":"https:\/\/api.w.org\/{rel}","templated":true}]}}