{"id":5636,"date":"2026-02-28T18:05:51","date_gmt":"2026-02-28T18:05:51","guid":{"rendered":"https:\/\/jsgstadservice.se\/flyttstadning-stockholm\/"},"modified":"2026-03-03T18:14:43","modified_gmt":"2026-03-03T18:14:43","slug":"move-out-cleaning-stockholm","status":"publish","type":"page","link":"https:\/\/jsgstadservice.se\/en\/flyttstadning-stockholm\/","title":{"rendered":"Moving cleaning Stockholm - From 149 SEK\/h"},"content":{"rendered":"<h2>Removal cleaning in Stockholm - with inspection guarantee<\/h2>\n<p>Are you planning to move in Stockholm? Our professional removal cleaning ensures that your old home is left in perfect condition. We offer an inspection guarantee - if the removal cleaning is not approved during the inspection, we will fix it free of charge.<\/p>\n<h2>What is included in our removal cleaning service?<\/h2>\n<p>We follow a detailed industry standard checklist which includes:<\/p>\n<ul>\n<li><strong>Kitchen:<\/strong> Oven inside\/outside, hob, extractor fan and filter, fridge\/freezer inside, dishwasher, all cabinets inside<\/li>\n<li><strong>Bathroom:<\/strong> WC, shower\/bathtub, descaling, floor drain, bathroom cabinet, joints<\/li>\n<li><strong>All rooms:<\/strong> Window cleaning inside, wardrobes, doors and frames, radiators, plinths<\/li>\n<li><strong>Hall:<\/strong> Exterior door, hat shelf, stopper cabinet on the outside<\/li>\n<\/ul>\n<h2>Prices moving cleaning Stockholm<\/h2>\n<table>\n<thead>\n<tr>\n<th>Housing<\/th>\n<th>Approximate time<\/th>\n<th>Price after RUT<\/th>\n<\/tr>\n<\/thead>\n<tbody>\n<tr>\n<td>1-2 skirt<\/td>\n<td>4-5 h<\/td>\n<td>From 840 kr<\/td>\n<\/tr>\n<tr>\n<td>3-4 skirt<\/td>\n<td>5-7 h<\/td>\n<td>From 1 050 kr<\/td>\n<\/tr>\n<tr>\n<td>Villa<\/td>\n<td>8-12 h<\/td>\n<td>Quote after inspection<\/td>\n<\/tr>\n<\/tbody>\n<\/table>\n<h2>Areas in Stockholm<\/h2>\n<p>We carry out moving cleaning throughout the Stockholm area: S\u00f6dermalm, \u00d6stermalm, Kungsholmen, Vasastan, Bromma, H\u00e4gersten, Farsta, Nacka, Solna, Sundbyberg, Liding\u00f6 and more.<\/p>\n<h2>How to book<\/h2>\n<ol>\n<li><strong>Request a quote<\/strong> - fill in the form or call us<\/li>\n<li><strong>We confirm<\/strong> - date, time and price within 24h<\/li>\n<li><strong>We clean up<\/strong> - thoroughly according to the checklist<\/li>\n<li><strong>Inspection<\/strong> - approved or we come back for free<\/li>\n<\/ol>\n<p><a href=\"\/en\/quote\/\">Book removal cleaning in Stockholm \u2192<\/a><\/p>","protected":false},"excerpt":{"rendered":"<p>Flyttst\u00e4dning i Stockholm \u2013 med besiktningsgaranti Planerar du att flytta i Stockholm? V\u00e5r professionella flyttst\u00e4dning s\u00e4kerst\u00e4ller att din gamla bostad l\u00e4mnas i perfekt skick. Vi erbjuder besiktningsgaranti \u2014 godk\u00e4nns inte flyttst\u00e4dningen vid besiktning \u00e5tg\u00e4rdar vi det kostnadsfritt. Vad ing\u00e5r i v\u00e5r flyttst\u00e4dning? Vi f\u00f6ljer en detaljerad branschstandard-checklista som inkluderar: K\u00f6k: Ugn inv\u00e4ndigt\/utv\u00e4ndigt, spish\u00e4ll, fl\u00e4kt och&hellip; <a class=\"more-link\" href=\"https:\/\/jsgstadservice.se\/en\/flyttstadning-stockholm\/\">Continue reading <span class=\"screen-reader-text\">Moving cleaning Stockholm - From 149 SEK\/h<\/span><\/a><\/p>","protected":false},"author":0,"featured_media":0,"parent":0,"menu_order":0,"comment_status":"closed","ping_status":"closed","template":"","meta":{"footnotes":""},"class_list":["post-5636","page","type-page","status-publish","hentry","entry"],"yoast_head":"<!-- This site is optimized with the Yoast SEO Premium plugin v27.0 (Yoast SEO v27.4) - https:\/\/yoast.com\/product\/yoast-seo-premium-wordpress\/ -->\n<title>Flyttst\u00e4dning Stockholm \u2013 Fr\u00e5n 149 kr\/h | JSG St\u00e4dservice<\/title>\n<meta name=\"description\" content=\"Flyttst\u00e4dning i Stockholm fr\u00e5n 149 kr\/h. Godk\u00e4nd av m\u00e4klare, n\u00f6jd-kund-garanti. Boka din flyttst\u00e4d med JSG St\u00e4dservice idag!\" \/>\n<meta name=\"robots\" content=\"index, follow, max-snippet:-1, max-image-preview:large, max-video-preview:-1\" \/>\n<link rel=\"canonical\" href=\"https:\/\/jsgstadservice.se\/en\/move-out-cleaning-stockholm\/\" \/>\n<meta property=\"og:locale\" content=\"en_US\" \/>\n<meta property=\"og:type\" content=\"article\" \/>\n<meta property=\"og:title\" content=\"Flyttst\u00e4dning Stockholm \u2013 Fr\u00e5n 149 kr\/h\" \/>\n<meta property=\"og:description\" content=\"Flyttst\u00e4dning i Stockholm fr\u00e5n 149 kr\/h. Godk\u00e4nd av m\u00e4klare, n\u00f6jd-kund-garanti. Boka din flyttst\u00e4d med JSG St\u00e4dservice idag!\" \/>\n<meta property=\"og:url\" content=\"https:\/\/jsgstadservice.se\/en\/move-out-cleaning-stockholm\/\" \/>\n<meta property=\"og:site_name\" content=\"JSG St\u00e4dservice\" \/>\n<meta property=\"article:publisher\" content=\"https:\/\/www.facebook.com\/JSGStadservice.se\" \/>\n<meta property=\"article:modified_time\" content=\"2026-03-03T18:14:43+00:00\" \/>\n<meta property=\"og:image\" content=\"https:\/\/jsgstadservice.se\/wp-content\/uploads\/2024\/03\/Flyttstad-.png\" \/>\n<meta name=\"twitter:card\" content=\"summary_large_image\" \/>\n<meta name=\"twitter:label1\" content=\"Est. reading time\" \/>\n\t<meta name=\"twitter:data1\" content=\"1 minute\" \/>\n<script type=\"application\/ld+json\" class=\"yoast-schema-graph\">{\"@context\":\"https:\\\/\\\/schema.org\",\"@graph\":[{\"@type\":\"WebPage\",\"@id\":\"https:\\\/\\\/jsgstadservice.se\\\/flyttstadning-stockholm\\\/\",\"url\":\"https:\\\/\\\/jsgstadservice.se\\\/flyttstadning-stockholm\\\/\",\"name\":\"Flyttst\u00e4dning Stockholm \u2013 Fr\u00e5n 149 kr\\\/h | JSG St\u00e4dservice\",\"isPartOf\":{\"@id\":\"https:\\\/\\\/jsgstadservice.se\\\/en\\\/#website\"},\"datePublished\":\"2026-02-28T18:05:51+00:00\",\"dateModified\":\"2026-03-03T18:14:43+00:00\",\"description\":\"Flyttst\u00e4dning i Stockholm fr\u00e5n 149 kr\\\/h. Godk\u00e4nd av m\u00e4klare, n\u00f6jd-kund-garanti. Boka din flyttst\u00e4d med JSG St\u00e4dservice idag!\",\"breadcrumb\":{\"@id\":\"https:\\\/\\\/jsgstadservice.se\\\/flyttstadning-stockholm\\\/#breadcrumb\"},\"inLanguage\":\"en-US\",\"potentialAction\":[{\"@type\":\"ReadAction\",\"target\":[\"https:\\\/\\\/jsgstadservice.se\\\/flyttstadning-stockholm\\\/\"]}]},{\"@type\":\"BreadcrumbList\",\"@id\":\"https:\\\/\\\/jsgstadservice.se\\\/flyttstadning-stockholm\\\/#breadcrumb\",\"itemListElement\":[{\"@type\":\"ListItem\",\"position\":1,\"name\":\"Hem\",\"item\":\"https:\\\/\\\/jsgstadservice.se\\\/en\\\/\"},{\"@type\":\"ListItem\",\"position\":2,\"name\":\"Flyttst\u00e4dning Stockholm \u2013 Fr\u00e5n 149 kr\\\/h\"}]},{\"@type\":\"WebSite\",\"@id\":\"https:\\\/\\\/jsgstadservice.se\\\/en\\\/#website\",\"url\":\"https:\\\/\\\/jsgstadservice.se\\\/en\\\/\",\"name\":\"JSG St\u00e4dservice\",\"description\":\"JSG St\u00e4dservice - effektiviserar och ger dig en enklare vardag!\",\"publisher\":{\"@id\":\"https:\\\/\\\/jsgstadservice.se\\\/en\\\/#organization\"},\"potentialAction\":[{\"@type\":\"SearchAction\",\"target\":{\"@type\":\"EntryPoint\",\"urlTemplate\":\"https:\\\/\\\/jsgstadservice.se\\\/en\\\/?s={search_term_string}\"},\"query-input\":{\"@type\":\"PropertyValueSpecification\",\"valueRequired\":true,\"valueName\":\"search_term_string\"}}],\"inLanguage\":\"en-US\"},{\"@type\":\"Organization\",\"@id\":\"https:\\\/\\\/jsgstadservice.se\\\/en\\\/#organization\",\"name\":\"JSG St\u00e4dservice\",\"url\":\"https:\\\/\\\/jsgstadservice.se\\\/en\\\/\",\"logo\":{\"@type\":\"ImageObject\",\"inLanguage\":\"en-US\",\"@id\":\"https:\\\/\\\/jsgstadservice.se\\\/en\\\/#\\\/schema\\\/logo\\\/image\\\/\",\"url\":\"https:\\\/\\\/jsgstadservice.se\\\/wp-content\\\/uploads\\\/2025\\\/05\\\/JSG-Logga.png\",\"contentUrl\":\"https:\\\/\\\/jsgstadservice.se\\\/wp-content\\\/uploads\\\/2025\\\/05\\\/JSG-Logga.png\",\"width\":1500,\"height\":600,\"caption\":\"JSG St\u00e4dservice\"},\"image\":{\"@id\":\"https:\\\/\\\/jsgstadservice.se\\\/en\\\/#\\\/schema\\\/logo\\\/image\\\/\"},\"sameAs\":[\"https:\\\/\\\/www.facebook.com\\\/JSGStadservice.se\",\"https:\\\/\\\/www.instagram.com\\\/jsgstadservice.se\\\/\",\"https:\\\/\\\/www.youtube.com\\\/@JSG-f6n\",\"https:\\\/\\\/www.linkedin.com\\\/company\\\/jsg-st\u00e4dservice\\\/\"]}]}<\/script>\n<!-- \/ Yoast SEO Premium plugin. -->","yoast_head_json":{"title":"Moving cleaning Stockholm - From 149 SEK\/h | JSG St\u00e4dservice","description":"Moving cleaning in Stockholm from 149 SEK\/h. Approved by brokers, customer satisfaction guarantee. Book your moving cleaning with JSG St\u00e4dservice today!","robots":{"index":"index","follow":"follow","max-snippet":"max-snippet:-1","max-image-preview":"max-image-preview:large","max-video-preview":"max-video-preview:-1"},"canonical":"https:\/\/jsgstadservice.se\/en\/move-out-cleaning-stockholm\/","og_locale":"en_US","og_type":"article","og_title":"Flyttst\u00e4dning Stockholm \u2013 Fr\u00e5n 149 kr\/h","og_description":"Flyttst\u00e4dning i Stockholm fr\u00e5n 149 kr\/h. Godk\u00e4nd av m\u00e4klare, n\u00f6jd-kund-garanti. Boka din flyttst\u00e4d med JSG St\u00e4dservice idag!","og_url":"https:\/\/jsgstadservice.se\/en\/move-out-cleaning-stockholm\/","og_site_name":"JSG St\u00e4dservice","article_publisher":"https:\/\/www.facebook.com\/JSGStadservice.se","article_modified_time":"2026-03-03T18:14:43+00:00","og_image":[{"url":"https:\/\/jsgstadservice.se\/wp-content\/uploads\/2024\/03\/Flyttstad-.png","type":"","width":"","height":""}],"twitter_card":"summary_large_image","twitter_misc":{"Est. reading time":"1 minute"},"schema":{"@context":"https:\/\/schema.org","@graph":[{"@type":"WebPage","@id":"https:\/\/jsgstadservice.se\/flyttstadning-stockholm\/","url":"https:\/\/jsgstadservice.se\/flyttstadning-stockholm\/","name":"Moving cleaning Stockholm - From 149 SEK\/h | JSG St\u00e4dservice","isPartOf":{"@id":"https:\/\/jsgstadservice.se\/en\/#website"},"datePublished":"2026-02-28T18:05:51+00:00","dateModified":"2026-03-03T18:14:43+00:00","description":"Moving cleaning in Stockholm from 149 SEK\/h. Approved by brokers, customer satisfaction guarantee. Book your moving cleaning with JSG St\u00e4dservice today!","breadcrumb":{"@id":"https:\/\/jsgstadservice.se\/flyttstadning-stockholm\/#breadcrumb"},"inLanguage":"en-US","potentialAction":[{"@type":"ReadAction","target":["https:\/\/jsgstadservice.se\/flyttstadning-stockholm\/"]}]},{"@type":"BreadcrumbList","@id":"https:\/\/jsgstadservice.se\/flyttstadning-stockholm\/#breadcrumb","itemListElement":[{"@type":"ListItem","position":1,"name":"Hem","item":"https:\/\/jsgstadservice.se\/en\/"},{"@type":"ListItem","position":2,"name":"Flyttst\u00e4dning Stockholm \u2013 Fr\u00e5n 149 kr\/h"}]},{"@type":"WebSite","@id":"https:\/\/jsgstadservice.se\/en\/#website","url":"https:\/\/jsgstadservice.se\/en\/","name":"JSG Cleaning Service","description":"JSG St\u00e4dservice - streamlines and makes your everyday life easier!","publisher":{"@id":"https:\/\/jsgstadservice.se\/en\/#organization"},"potentialAction":[{"@type":"SearchAction","target":{"@type":"EntryPoint","urlTemplate":"https:\/\/jsgstadservice.se\/en\/?s={search_term_string}"},"query-input":{"@type":"PropertyValueSpecification","valueRequired":true,"valueName":"search_term_string"}}],"inLanguage":"en-US"},{"@type":"Organization","@id":"https:\/\/jsgstadservice.se\/en\/#organization","name":"JSG Cleaning Service","url":"https:\/\/jsgstadservice.se\/en\/","logo":{"@type":"ImageObject","inLanguage":"en-US","@id":"https:\/\/jsgstadservice.se\/en\/#\/schema\/logo\/image\/","url":"https:\/\/jsgstadservice.se\/wp-content\/uploads\/2025\/05\/JSG-Logga.png","contentUrl":"https:\/\/jsgstadservice.se\/wp-content\/uploads\/2025\/05\/JSG-Logga.png","width":1500,"height":600,"caption":"JSG St\u00e4dservice"},"image":{"@id":"https:\/\/jsgstadservice.se\/en\/#\/schema\/logo\/image\/"},"sameAs":["https:\/\/www.facebook.com\/JSGStadservice.se","https:\/\/www.instagram.com\/jsgstadservice.se\/","https:\/\/www.youtube.com\/@JSG-f6n","https:\/\/www.linkedin.com\/company\/jsg-st\u00e4dservice\/"]}]}},"_links":{"self":[{"href":"https:\/\/jsgstadservice.se\/en\/wp-json\/wp\/v2\/pages\/5636","targetHints":{"allow":["GET"]}}],"collection":[{"href":"https:\/\/jsgstadservice.se\/en\/wp-json\/wp\/v2\/pages"}],"about":[{"href":"https:\/\/jsgstadservice.se\/en\/wp-json\/wp\/v2\/types\/page"}],"replies":[{"embeddable":true,"href":"https:\/\/jsgstadservice.se\/en\/wp-json\/wp\/v2\/comments?post=5636"}],"version-history":[{"count":1,"href":"https:\/\/jsgstadservice.se\/en\/wp-json\/wp\/v2\/pages\/5636\/revisions"}],"predecessor-version":[{"id":5706,"href":"https:\/\/jsgstadservice.se\/en\/wp-json\/wp\/v2\/pages\/5636\/revisions\/5706"}],"wp:attachment":[{"href":"https:\/\/jsgstadservice.se\/en\/wp-json\/wp\/v2\/media?parent=5636"}],"curies":[{"name":"wp","href":"https:\/\/api.w.org\/{rel}","templated":true}]}}